{"id":899,"date":"2019-02-03T01:36:25","date_gmt":"2019-02-03T01:36:25","guid":{"rendered":"http:\/\/www.talpamaden.com\/?page_id=899"},"modified":"2022-10-26T08:39:20","modified_gmt":"2022-10-26T08:39:20","slug":"contacto","status":"publish","type":"page","link":"https:\/\/www.talpamaden.com\/index.php\/es\/contacto\/","title":{"rendered":"Contacto"},"content":{"rendered":"<div class=\"wpb-content-wrapper\">[vc_row][vc_column width=&#8221;1\/2&#8243;][vc_column_text el_class=&#8221;text-block-1&#8243;]\n<h3 style=\"text-align: left;\">Cont\u00e1ctenos<\/h3>\n<h4 style=\"text-align: left;\">Informaci\u00f3n del contacto<\/h4>\n<hr \/>\n<p><span style=\"color: #003366;\"><strong>TALPA MAK\u0130NA SANAY\u0130 VE T\u0130CARET A.\u015e.<\/strong><\/span><\/p>\n<p class=\"align-1\"><i class=\"kt-icon-map-marker\" style=\"font-size:25px; color:#000;\"><\/i>&nbsp; 10013 Sk. No:8A \/ A.O.S.B. \/ 35620 &#8211; Cigli \/ Izmir \/ Turkiye<\/p>\n<p class=\"align-1\"><i class=\"kt-icon-envelope-o\" style=\"font-size:25px; color:#000;\"><\/i>&nbsp; <a href=\"mailto:talpa@talpamaden.com\">talpa@talpamaden.com<\/a><\/p>\n<p class=\"align-1\"><i class=\"kt-icon-phone\" style=\"font-size:25px; color:#000;\"><\/i>&nbsp; +90 (232) 503 40 50<\/p>\n<hr \/>\n<h4 style=\"text-align: left;\">S\u00edguenos en las redes sociales<\/h4>\n<p class=\"align-1\"><i class=\"kt-icon-instagram\" style=\"font-size:25px; color:red;\"><\/i>&nbsp; <a href=\"https:\/\/instagram.com\/talpamining\">instagram.com\/talpamining &#8221; target=&#8221;_blank&#8221; rel=&#8221;noopener&#8221;<\/a>\/<\/p>\n<p class=\"align-1\"><i class=\"kt-icon-facebook-square\" style=\"font-size:25px; color:#1B74E4;\"><\/i>&nbsp; <a href=\"https:\/\/facebook.com\/talpamining\/\" target=\"_blank\" rel=\"noopener\"> facebook.com\/talpamining\/<\/a><\/p>\n[\/vc_column_text][\/vc_column][vc_column width=&#8221;1\/2&#8243;][vc_column_text el_class=&#8221;text-block-1&#8243;]<div class=\"wpforms-container wpforms-container-full divrounded\" id=\"wpforms-2185\"><form id=\"wpforms-form-2185\" class=\"wpforms-validate wpforms-form wpforms-ajax-form\" data-formid=\"2185\" method=\"post\" enctype=\"multipart\/form-data\" action=\"\/index.php\/wp-json\/wp\/v2\/pages\/899\" data-token=\"f9f12e6d44e18f5ac440e08ddbb55d83\" data-token-time=\"1777908939\"><noscript class=\"wpforms-error-noscript\">Please enable JavaScript in your browser to complete this form.<\/noscript><div class=\"wpforms-field-container\"><div id=\"wpforms-2185-field_0-container\" class=\"wpforms-field wpforms-field-name\" data-field-id=\"0\"><label class=\"wpforms-field-label\">Name <span class=\"wpforms-required-label\">*<\/span><\/label><div class=\"wpforms-field-row wpforms-field-medium\"><div class=\"wpforms-field-row-block wpforms-first wpforms-one-half\"><input type=\"text\" id=\"wpforms-2185-field_0\" class=\"wpforms-field-name-first wpforms-field-required\" name=\"wpforms[fields][0][first]\" required><label for=\"wpforms-2185-field_0\" class=\"wpforms-field-sublabel after\">First<\/label><\/div><div class=\"wpforms-field-row-block wpforms-one-half\"><input type=\"text\" id=\"wpforms-2185-field_0-last\" class=\"wpforms-field-name-last wpforms-field-required\" name=\"wpforms[fields][0][last]\" required><label for=\"wpforms-2185-field_0-last\" class=\"wpforms-field-sublabel after\">Last<\/label><\/div><\/div><\/div><div id=\"wpforms-2185-field_1-container\" class=\"wpforms-field wpforms-field-email\" data-field-id=\"1\"><label class=\"wpforms-field-label\" for=\"wpforms-2185-field_1\">Email <span class=\"wpforms-required-label\">*<\/span><\/label><input type=\"email\" id=\"wpforms-2185-field_1\" class=\"wpforms-field-medium wpforms-field-required\" name=\"wpforms[fields][1]\" spellcheck=\"false\" required><\/div><div id=\"wpforms-2185-field_2-container\" class=\"wpforms-field wpforms-field-textarea\" data-field-id=\"2\"><label class=\"wpforms-field-label\" for=\"wpforms-2185-field_2\">Comment or Message <span class=\"wpforms-required-label\">*<\/span><\/label><textarea id=\"wpforms-2185-field_2\" class=\"wpforms-field-medium wpforms-field-required\" name=\"wpforms[fields][2]\" required><\/textarea><\/div><\/div><!-- .wpforms-field-container --><div class=\"wpforms-recaptcha-container wpforms-is-hcaptcha\" ><div class=\"h-captcha\" data-sitekey=\"c6446dd4-617a-426b-ae31-38d7aebbfb50\"><\/div><input type=\"text\" name=\"g-recaptcha-hidden\" class=\"wpforms-recaptcha-hidden\" style=\"position:absolute!important;clip:rect(0,0,0,0)!important;height:1px!important;width:1px!important;border:0!important;overflow:hidden!important;padding:0!important;margin:0!important;\" data-rule-hcaptcha=\"1\"><\/div><div class=\"wpforms-submit-container\" ><input type=\"hidden\" name=\"wpforms[id]\" value=\"2185\"><input type=\"hidden\" name=\"page_title\" value=\"\"><input type=\"hidden\" name=\"page_url\" value=\"https:\/\/www.talpamaden.com\/index.php\/wp-json\/wp\/v2\/pages\/899\"><input type=\"hidden\" name=\"url_referer\" value=\"\"><button type=\"submit\" name=\"wpforms[submit]\" id=\"wpforms-submit-2185\" class=\"wpforms-submit submit\" data-alt-text=\"Sending...\" data-submit-text=\"Submit\" aria-live=\"assertive\" value=\"wpforms-submit\">Submit<\/button><img loading=\"lazy\" decoding=\"async\" src=\"https:\/\/www.talpamaden.com\/wp-content\/plugins\/wpforms-lite\/assets\/images\/submit-spin.svg\" class=\"wpforms-submit-spinner\" style=\"display: none;\" width=\"26\" height=\"26\" alt=\"Loading\"><\/div><\/form><\/div>  <!-- .wpforms-container -->[\/vc_column_text][\/vc_column][\/vc_row][vc_row][vc_column][vc_gmaps link=&#8221;#E-8_JTNDaWZyYW1lJTIwc3JjJTNEJTIyaHR0cHMlM0ElMkYlMkZ3d3cuZ29vZ2xlLmNvbSUyRm1hcHMlMkZlbWJlZCUzRnBiJTNEJTIxMW0xOCUyMTFtMTIlMjExbTMlMjExZDMxMjIuODY4MjkxNjc4NTEzMyUyMTJkMjcuMDM3MTI3OTUwNjg2MzMzJTIxM2QzOC40OTA2ODA5Nzk1MzU1MSUyMTJtMyUyMTFmMCUyMTJmMCUyMTNmMCUyMTNtMiUyMTFpMTAyNCUyMTJpNzY4JTIxNGYxMy4xJTIxM20zJTIxMW0yJTIxMXMweDE0YmJkYTc5M2Y0YjM3NjclMjUzQTB4Y2E4ZWVhOGEyYmRlMzg5JTIxMnpNVEF3TVRNdUlGTnJMaUE0SUVFc0lETTFOakl3SUVGdmMySXZ3NGRweEo5c2FTX0VzSHB0YVhJc0lGUjFjbXRsZVElMjE1ZTAlMjEzbTIlMjExc2VuJTIxMnN1ayUyMTR2MTUzMDI2NDg1OTQ0MSUyMiUyMHdpZHRoJTNEJTIyNjAwJTIyJTIwaGVpZ2h0JTNEJTIyNDUwJTIyJTIwZnJhbWVib3JkZXIlM0QlMjIwJTIyJTIwc3R5bGUlM0QlMjJib3JkZXIlM0EwJTIyJTIwYWxsb3dmdWxsc2NyZWVuJTNFJTNDJTJGaWZyYW1lJTNF&#8221;][\/vc_column][\/vc_row]\n<\/div>","protected":false},"excerpt":{"rendered":"<p>[vc_row][vc_column width=&#8221;1\/2&#8243;][vc_column_text el_class=&#8221;text-block-1&#8243;] Cont\u00e1ctenos Informaci\u00f3n del contacto TALPA MAK\u0130NA SANAY\u0130 VE T\u0130CARET A.\u015e. &nbsp; 10013 Sk. No:8A \/ A.O.S.B. \/ 35620 &#8211; Cigli \/ Izmir \/ Turkiye &nbsp; talpa@talpamaden.com &nbsp; +90 (232) 503 40 50 S\u00edguenos en las redes sociales &hellip; <a class=\"kt-excerpt-readmore more-link\" href=\"https:\/\/www.talpamaden.com\/index.php\/es\/contacto\/\">Read More<\/a><\/p>\n","protected":false},"author":1,"featured_media":0,"parent":0,"menu_order":0,"comment_status":"closed","ping_status":"closed","template":"","meta":{"footnotes":""},"class_list":["post-899","page","type-page","status-publish","hentry"],"_links":{"self":[{"href":"https:\/\/www.talpamaden.com\/index.php\/wp-json\/wp\/v2\/pages\/899","targetHints":{"allow":["GET"]}}],"collection":[{"href":"https:\/\/www.talpamaden.com\/index.php\/wp-json\/wp\/v2\/pages"}],"about":[{"href":"https:\/\/www.talpamaden.com\/index.php\/wp-json\/wp\/v2\/types\/page"}],"author":[{"embeddable":true,"href":"https:\/\/www.talpamaden.com\/index.php\/wp-json\/wp\/v2\/users\/1"}],"replies":[{"embeddable":true,"href":"https:\/\/www.talpamaden.com\/index.php\/wp-json\/wp\/v2\/comments?post=899"}],"version-history":[{"count":10,"href":"https:\/\/www.talpamaden.com\/index.php\/wp-json\/wp\/v2\/pages\/899\/revisions"}],"predecessor-version":[{"id":2992,"href":"https:\/\/www.talpamaden.com\/index.php\/wp-json\/wp\/v2\/pages\/899\/revisions\/2992"}],"wp:attachment":[{"href":"https:\/\/www.talpamaden.com\/index.php\/wp-json\/wp\/v2\/media?parent=899"}],"curies":[{"name":"wp","href":"https:\/\/api.w.org\/{rel}","templated":true}]}}