{"id":63,"date":"2016-08-18T21:18:15","date_gmt":"2016-08-18T21:18:15","guid":{"rendered":"http:\/\/www.talpamaden.com\/demo\/?page_id=63"},"modified":"2025-02-17T21:17:40","modified_gmt":"2025-02-17T21:17:40","slug":"hakkimizda","status":"publish","type":"page","link":"https:\/\/www.talpamaden.com\/index.php\/tr\/hakkimizda\/","title":{"rendered":"Hakk\u0131m\u0131zda"},"content":{"rendered":"<div class=\"wpb-content-wrapper\">[vc_row][vc_column][vc_single_image image=&#8221;1297&#8243; img_size=&#8221;full&#8221; alignment=&#8221;center&#8221;][vc_separator css=&#8221;.vc_custom_1472723947159{margin-top: 20px !important;margin-bottom: 20px !important;}&#8221;][vc_column_text css=&#8221;&#8221;]\n<h3>G\u00fcc\u00fcm\u00fcz\u00fc bilgiden al\u0131yoruz.<\/h3>\n<p>Sekt\u00f6rdeki 40 y\u0131la yak\u0131n deneyimimiz ile a\u011f\u0131r hizmet tipi i\u015f makinalar\u0131nda \u00e7\u00f6z\u00fcm orta\u011f\u0131n\u0131z\u0131z.<\/p>\n<p>Madencilik sekt\u00f6r\u00fcnde ekipman bak\u0131m\u0131 konusunda uzmanla\u015fm\u0131\u015f olan firmam\u0131z, y\u0131llar\u0131n birikimi ile T\u00fcrkiye\u2019nin yerli maden ekipman markas\u0131 &#8220;Talpa&#8221; y\u0131 yaratm\u0131\u015ft\u0131r.<\/p>\n<p>\u201cTalpa\u201d madencilik ve t\u00fcnelcilik sekt\u00f6rleri ihtiya\u00e7lar\u0131na y\u00f6nelik makinalar serisidir.<\/p>\n<p>Talpa Maden, 40 y\u0131ll\u0131k i\u015f hayat\u0131 tecr\u00fcbesi ile i\u015f makinalar\u0131 sekt\u00f6r\u00fcnde servis, yedek par\u00e7a ve m\u00fchendislik hizmeti sa\u011flamaktad\u0131r. 20 y\u0131l\u0131 a\u015fk\u0131n bir s\u00fcredir faaliyet g\u00f6stermekte olan firmam\u0131z e\u011fitimli teknisyen ve m\u00fchendisleri ile i\u015f ortaklar\u0131n\u0131n servis ihtiya\u00e7lar\u0131n\u0131 ve yedek par\u00e7a ihtiya\u00e7lar\u0131n\u0131 kar\u015f\u0131lamaktad\u0131r.<\/p>\n<p>Vazge\u00e7ilmez hedefimiz, \u00fcretti\u011fimiz her makine ile son kullan\u0131c\u0131lar\u0131n en iyi \u00e7\u00f6z\u00fcm orta\u011f\u0131 olmak ve faaliyetlerine en y\u00fcksek katma de\u011feri yaratmakt\u0131r.<\/p>\n<p>Bir \u201cTalpa\u201d sat\u0131n ald\u0131\u011f\u0131n\u0131zda makinan\u0131z\u0131n a\u015fa\u011f\u0131daki kriterleri kar\u015f\u0131layaca\u011f\u0131n\u0131 bilirsiniz :<\/p>\n<ul>\n<li>M\u00fckemmel denge<\/li>\n<li>Ekonomik operasyonel kabiliyet<\/li>\n<li>Servis ve bak\u0131m kolayl\u0131\u011f\u0131<\/li>\n<li>Yedek par\u00e7aya kolay ula\u015f\u0131m<\/li>\n<li>Nem, \u00e7amur ve di\u011fer yeralt\u0131 ko\u015fullar\u0131na kar\u015f\u0131 y\u00fcksek koruma<\/li>\n<li>Operat\u00f6r g\u00fcvenli\u011fi<\/li>\n<\/ul>\n[\/vc_column_text][\/vc_column][\/vc_row]\n<\/div>","protected":false},"excerpt":{"rendered":"<p>[vc_row][vc_column][vc_single_image image=&#8221;1297&#8243; img_size=&#8221;full&#8221; alignment=&#8221;center&#8221;][vc_separator css=&#8221;.vc_custom_1472723947159{margin-top: 20px !important;margin-bottom: 20px !important;}&#8221;][vc_column_text css=&#8221;&#8221;] G\u00fcc\u00fcm\u00fcz\u00fc bilgiden al\u0131yoruz. Sekt\u00f6rdeki 40 y\u0131la yak\u0131n deneyimimiz ile a\u011f\u0131r hizmet tipi i\u015f makinalar\u0131nda \u00e7\u00f6z\u00fcm orta\u011f\u0131n\u0131z\u0131z. Madencilik sekt\u00f6r\u00fcnde ekipman bak\u0131m\u0131 konusunda uzmanla\u015fm\u0131\u015f olan firmam\u0131z, y\u0131llar\u0131n birikimi ile T\u00fcrkiye\u2019nin yerli maden &hellip; <a class=\"kt-excerpt-readmore more-link\" href=\"https:\/\/www.talpamaden.com\/index.php\/tr\/hakkimizda\/\">Read More<\/a><\/p>\n","protected":false},"author":1,"featured_media":1190,"parent":0,"menu_order":0,"comment_status":"closed","ping_status":"closed","template":"","meta":{"footnotes":""},"class_list":["post-63","page","type-page","status-publish","has-post-thumbnail","hentry"],"_links":{"self":[{"href":"https:\/\/www.talpamaden.com\/index.php\/wp-json\/wp\/v2\/pages\/63","targetHints":{"allow":["GET"]}}],"collection":[{"href":"https:\/\/www.talpamaden.com\/index.php\/wp-json\/wp\/v2\/pages"}],"about":[{"href":"https:\/\/www.talpamaden.com\/index.php\/wp-json\/wp\/v2\/types\/page"}],"author":[{"embeddable":true,"href":"https:\/\/www.talpamaden.com\/index.php\/wp-json\/wp\/v2\/users\/1"}],"replies":[{"embeddable":true,"href":"https:\/\/www.talpamaden.com\/index.php\/wp-json\/wp\/v2\/comments?post=63"}],"version-history":[{"count":15,"href":"https:\/\/www.talpamaden.com\/index.php\/wp-json\/wp\/v2\/pages\/63\/revisions"}],"predecessor-version":[{"id":3784,"href":"https:\/\/www.talpamaden.com\/index.php\/wp-json\/wp\/v2\/pages\/63\/revisions\/3784"}],"wp:featuredmedia":[{"embeddable":true,"href":"https:\/\/www.talpamaden.com\/index.php\/wp-json\/wp\/v2\/media\/1190"}],"wp:attachment":[{"href":"https:\/\/www.talpamaden.com\/index.php\/wp-json\/wp\/v2\/media?parent=63"}],"curies":[{"name":"wp","href":"https:\/\/api.w.org\/{rel}","templated":true}]}}