{"id":1949,"date":"2022-06-27T08:43:10","date_gmt":"2022-06-27T08:43:10","guid":{"rendered":"https:\/\/talpamaden.com\/?page_id=1949"},"modified":"2026-04-03T15:07:52","modified_gmt":"2026-04-03T12:07:52","slug":"urunler","status":"publish","type":"page","link":"https:\/\/www.talpamaden.com\/index.php\/tr\/urunler\/","title":{"rendered":"\u00dcr\u00fcnlerimiz"},"content":{"rendered":"<div class=\"wpb-content-wrapper\">[vc_row][vc_column][vc_column_text][\/vc_column_text][\/vc_column][\/vc_row][vc_row][vc_column][vc_column_text css_animation=&#8221;bounceInRight&#8221; el_class=&#8221;divrounded&#8221;]\n<h4><span style=\"color: #808080;\">Dizel y\u00fckleyiciler<\/span><\/h4>\n[\/vc_column_text][\/vc_column][\/vc_row][vc_row][vc_column width=&#8221;1\/4&#8243;][vc_single_image image=&#8221;1673&#8243; img_size=&#8221;full&#8221; alignment=&#8221;center&#8221; css=&#8221;&#8221;][vc_column_text css=&#8221;&#8221;]G\u00fc\u00e7 gerektiren i\u015fleriniz i\u00e7in imal edilen Talpa LH 425, \u00f6zel tasar\u0131m\u0131yla,\u00a0 y\u00fckleyicinizden en y\u00fcksek d\u00fczeyde performans\u0131 alabilmenizi sa\u011flar.<\/p>\n<a href=\"http:\/\/talpamaden.com\/index.php\/tr\/lh-425\/\" class=\"btn button btn-shortcode kad-btn kad-btn-primary\" id=\"kadbtn625\" target=\"_self\" style=\"color:#FFF;\">\u00dcr\u00fcne git<\/a>[\/vc_column_text][vc_column_text][\/vc_column_text][\/vc_column][vc_column width=&#8221;1\/4&#8243;][vc_single_image image=&#8221;2639&#8243; img_size=&#8221;full&#8221;][vc_column_text css=&#8221;&#8221;]\n<div class=\"vc_custom_heading vc_gitem-post-data vc_gitem-post-data-source-post_title\"><\/div>\n<div class=\"vc_custom_heading vc_gitem-post-data vc_gitem-post-data-source-post_excerpt\">\n<p>Yeralt\u0131 galerilerde \u00e7al\u0131\u015fmak \u00fczere tasarlanan LH 320 y\u00fckleyici, g\u00fc\u00e7l\u00fc ve dayan\u0131kl\u0131d\u0131r. Operasyonlar\u0131n\u0131zda h\u0131z ve dayan\u0131kl\u0131l\u0131k i\u00e7in imkan sa\u011flar.<\/p>\n<a href=\"http:\/\/talpamaden.com\/index.php\/tr\/lh-320\" class=\"btn button btn-shortcode kad-btn kad-btn-primary\" id=\"kadbtn375\" target=\"_self\" style=\"color:#FFF;\">\u00dcr\u00fcne git<\/a><\/div>\n[\/vc_column_text][\/vc_column][vc_column width=&#8221;1\/4&#8243;][vc_single_image image=&#8221;4160&#8243; img_size=&#8221;full&#8221; alignment=&#8221;center&#8221; css=&#8221;&#8221;][vc_column_text]Talpa LH 217 Yeralt\u0131 galerileri i\u00e7in dizayn edilmi\u015f LH 217 y\u00fckleyiciler m\u00fc\u015fteri odakl\u0131 dizayn\u0131yla maksimum de\u011fer katar.<\/p>\n<a href=\"http:\/\/talpamaden.com\/index.php\/tr\/lh-217\/\" class=\"btn button btn-shortcode kad-btn kad-btn-primary\" id=\"kadbtn69\" target=\"_self\" style=\"color:#FFF;\">\u00dcr\u00fcne git<\/a>[\/vc_column_text][\/vc_column][vc_column width=&#8221;1\/4&#8243;][vc_single_image image=&#8221;1693&#8243; img_size=&#8221;full&#8221;][vc_column_text]Dar galerilere y\u00f6nelik \u00fcretilen LH 112 y\u00fckleyiciler, Powershift \u015fanz\u0131manl\u0131 tasar\u0131m\u0131 ile ola\u011fan\u00fcst\u00fc y\u00fcksek koparma g\u00fcc\u00fcne sahiptir.<\/p>\n<a href=\"http:\/\/talpamaden.com\/index.php\/tr\/lh-112\/\" class=\"btn button btn-shortcode kad-btn kad-btn-primary\" id=\"kadbtn84\" target=\"_self\" style=\"color:#FFF;\">\u00dcr\u00fcne git<\/a>[\/vc_column_text][\/vc_column][\/vc_row][vc_row][vc_column][vc_column_text css_animation=&#8221;bounceInRight&#8221; css=&#8221;&#8221; el_class=&#8221;divrounded&#8221;]\n<h4><span style=\"color: #808080;\">Low Profile Dizel y\u00fckleyiciler<\/span><\/h4>\n[\/vc_column_text][\/vc_column][\/vc_row][vc_row][vc_column width=&#8221;1\/4&#8243;][vc_single_image image=&#8221;4163&#8243; img_size=&#8221;full&#8221; alignment=&#8221;center&#8221; css=&#8221;&#8221;][vc_column_text css=&#8221;&#8221;]Talpa &#8220;LH 217-Low Profile&#8221;, m\u00fc\u015fteri odakl\u0131 dizayn\u0131 ve y\u00fcksek kapasitesi ile yeni \u00fcr\u00fcn\u00fcm\u00fczd\u00fcr.<\/p>\n<a href=\"http:\/\/talpamaden.com\/index.php\/tr\/lh-217-lp\/\" class=\"btn button btn-shortcode kad-btn kad-btn-primary\" id=\"kadbtn298\" target=\"_self\" style=\"color:#FFF;\">\u00dcr\u00fcne git<\/a>[\/vc_column_text][\/vc_column][\/vc_row][vc_row][vc_column][vc_column_text css_animation=&#8221;bounceInRight&#8221; el_class=&#8221;divrounded&#8221;]\n<h4><span style=\"color: #808080;\">Bataryal\u0131 y\u00fckleyiciler<\/span><\/h4>\n[\/vc_column_text][\/vc_column][\/vc_row][vc_row][vc_column width=&#8221;1\/4&#8243;][vc_single_image image=&#8221;1671&#8243; img_size=&#8221;full&#8221; alignment=&#8221;center&#8221;][vc_column_text]\n<div class=\"vc_custom_heading vc_gitem-post-data vc_gitem-post-data-source-post_title\">\n<p>Talpa E 110 bataryal\u0131 y\u00fckleyiciler , dar kesitli yeralt\u0131 galerilerine uygun dizayn\u0131 ile en zor ko\u015fullar i\u00e7in g\u00fcvenli \u00e7al\u0131\u015fma ortam\u0131 sa\u011flar.<\/p>\n<a href=\"http:\/\/talpamaden.com\/index.php\/tr\/le-110-tr\/\" class=\"btn button btn-shortcode kad-btn kad-btn-primary\" id=\"kadbtn640\" target=\"_self\" style=\"color:#FFF;\">\u00dcr\u00fcne git<\/a><\/div>\n[\/vc_column_text][\/vc_column][vc_column width=&#8221;1\/4&#8243;][vc_single_image image=&#8221;4366&#8243; img_size=&#8221;full&#8221; alignment=&#8221;center&#8221; css=&#8221;&#8221;][vc_column_text css=&#8221;&#8221;]Talpa LH217-B belden k\u0131rma y\u00fckleyici, bataryal\u0131 teknolojisi sayesinde s\u0131f\u0131r emisyon, d\u00fc\u015f\u00fck i\u015fletme maliyeti ve y\u00fcksek performans\u0131 bir arada sunar.<\/p>\n<a href=\"https:\/\/talpamaden.com\/index.php\/tr\/lh-217-b\/\" class=\"btn button btn-shortcode kad-btn kad-btn-primary\" id=\"kadbtn220\" target=\"_self\" style=\"color:#FFF;\">\u00dcr\u00fcne git<\/a>[\/vc_column_text][\/vc_column][vc_column width=&#8221;1\/4&#8243;][\/vc_column][vc_column width=&#8221;1\/4&#8243;][\/vc_column][\/vc_row][vc_row][vc_column][vc_column_text css_animation=&#8221;bounceInRight&#8221; el_class=&#8221;divrounded&#8221;]\n<h4><span style=\"color: #808080;\">Yeralt\u0131 maden kamyonlar\u0131<\/span><\/h4>\n[\/vc_column_text][\/vc_column][\/vc_row][vc_row][vc_column width=&#8221;1\/4&#8243;][vc_single_image image=&#8221;3056&#8243; img_size=&#8221;full&#8221;][vc_column_text]Talpa T4 yeralt\u0131 kamyonlar\u0131 , dar yeralt\u0131 galerilerinde g\u00fc\u00e7l\u00fc yap\u0131s\u0131yla, operasyonunuza h\u0131z ve maksimum de\u011fer katar.<\/p>\n<a href=\"http:\/\/talpamaden.com\/index.php\/tr\/t4\/\" class=\"btn button btn-shortcode kad-btn kad-btn-primary\" id=\"kadbtn827\" target=\"_self\" style=\"color:#FFF;\">\u00dcr\u00fcne git<\/a>[\/vc_column_text][\/vc_column][vc_column width=&#8221;1\/4&#8243;][vc_single_image image=&#8221;1765&#8243; img_size=&#8221;full&#8221;][vc_column_text]Dar yeralt\u0131 galerilerinde g\u00fc\u00e7l\u00fc yap\u0131s\u0131yla ADT 10 yeralt\u0131 kamyonlar\u0131 operasyonunuza h\u0131z ve maksimum de\u011fer katar.<\/p>\n<a href=\"http:\/\/talpamaden.com\/index.php\/tr\/adt-10\/\" class=\"btn button btn-shortcode kad-btn kad-btn-primary\" id=\"kadbtn391\" target=\"_self\" style=\"color:#FFF;\">\u00dcr\u00fcne git<\/a>[\/vc_column_text][\/vc_column][vc_column width=&#8221;1\/4&#8243;][vc_single_image image=&#8221;2654&#8243; img_size=&#8221;full&#8221;][vc_column_text]ADT 15 yeralt\u0131 kamyonlar\u0131 dar yeralt\u0131 galerilerinde g\u00fc\u00e7l\u00fc yap\u0131s\u0131yla operasyonunuza h\u0131z ve maksimum de\u011fer katar.<\/p>\n<a href=\"http:\/\/talpamaden.com\/index.php\/tr\/adt-15\/\" class=\"btn button btn-shortcode kad-btn kad-btn-primary\" id=\"kadbtn563\" target=\"_self\" style=\"color:#FFF;\">\u00dcr\u00fcne git<\/a>[\/vc_column_text][\/vc_column][vc_column width=&#8221;1\/4&#8243;][vc_single_image image=&#8221;3644&#8243; img_size=&#8221;full&#8221;][vc_column_text]ADT 20, al\u00e7ak,dar ve k\u0131s\u0131tl\u0131 ko\u015fullarda \u00e7al\u0131\u015fmak i\u00e7in tasarlanm\u0131\u015f, dizel motorlu a\u011f\u0131r hizmet tipi damperli kamyondur.<\/p>\n<a href=\"http:\/\/talpamaden.com\/index.php\/tr\/adt-20-tr\/\" class=\"btn button btn-shortcode kad-btn kad-btn-primary\" id=\"kadbtn169\" target=\"_self\" style=\"color:#FFF;\">\u00dcr\u00fcne git<\/a>[\/vc_column_text][\/vc_column][\/vc_row]\n<\/div>","protected":false},"excerpt":{"rendered":"<p>[vc_row][vc_column][vc_column_text][\/vc_column_text][\/vc_column][\/vc_row][vc_row][vc_column][vc_column_text css_animation=&#8221;bounceInRight&#8221; el_class=&#8221;divrounded&#8221;] Dizel y\u00fckleyiciler [\/vc_column_text][\/vc_column][\/vc_row][vc_row][vc_column width=&#8221;1\/4&#8243;][vc_single_image image=&#8221;1673&#8243; img_size=&#8221;full&#8221; alignment=&#8221;center&#8221; css=&#8221;&#8221;][vc_column_text css=&#8221;&#8221;]G\u00fc\u00e7 gerektiren i\u015fleriniz i\u00e7in imal edilen Talpa LH 425, \u00f6zel tasar\u0131m\u0131yla,\u00a0 y\u00fckleyicinizden en y\u00fcksek d\u00fczeyde performans\u0131 alabilmenizi sa\u011flar. [\/vc_column_text][vc_column_text][\/vc_column_text][\/vc_column][vc_column width=&#8221;1\/4&#8243;][vc_single_image image=&#8221;2639&#8243; img_size=&#8221;full&#8221;][vc_column_text css=&#8221;&#8221;] Yeralt\u0131 galerilerde \u00e7al\u0131\u015fmak \u00fczere tasarlanan LH &hellip; <a class=\"kt-excerpt-readmore more-link\" href=\"https:\/\/www.talpamaden.com\/index.php\/tr\/urunler\/\">Read More<\/a><\/p>\n","protected":false},"author":2,"featured_media":0,"parent":0,"menu_order":0,"comment_status":"closed","ping_status":"closed","template":"","meta":{"footnotes":""},"class_list":["post-1949","page","type-page","status-publish","hentry"],"_links":{"self":[{"href":"https:\/\/www.talpamaden.com\/index.php\/wp-json\/wp\/v2\/pages\/1949","targetHints":{"allow":["GET"]}}],"collection":[{"href":"https:\/\/www.talpamaden.com\/index.php\/wp-json\/wp\/v2\/pages"}],"about":[{"href":"https:\/\/www.talpamaden.com\/index.php\/wp-json\/wp\/v2\/types\/page"}],"author":[{"embeddable":true,"href":"https:\/\/www.talpamaden.com\/index.php\/wp-json\/wp\/v2\/users\/2"}],"replies":[{"embeddable":true,"href":"https:\/\/www.talpamaden.com\/index.php\/wp-json\/wp\/v2\/comments?post=1949"}],"version-history":[{"count":30,"href":"https:\/\/www.talpamaden.com\/index.php\/wp-json\/wp\/v2\/pages\/1949\/revisions"}],"predecessor-version":[{"id":4368,"href":"https:\/\/www.talpamaden.com\/index.php\/wp-json\/wp\/v2\/pages\/1949\/revisions\/4368"}],"wp:attachment":[{"href":"https:\/\/www.talpamaden.com\/index.php\/wp-json\/wp\/v2\/media?parent=1949"}],"curies":[{"name":"wp","href":"https:\/\/api.w.org\/{rel}","templated":true}]}}