{"id":1709,"date":"2022-06-24T09:19:44","date_gmt":"2022-06-24T09:19:44","guid":{"rendered":"http:\/\/talpamaden.com\/?page_id=1709"},"modified":"2026-04-03T15:18:44","modified_gmt":"2026-04-03T12:18:44","slug":"ana-sayfa","status":"publish","type":"page","link":"https:\/\/talpamaden.com\/index.php\/tr\/","title":{"rendered":"Ana Sayfa"},"content":{"rendered":"<div class=\"wpb-content-wrapper\">[vc_row][vc_column]\n\t\t\t\t<p class=\"rs-p-wp-fix\"><\/p>\n\t\t\t\t<sr7-module data-alias=\"slider-3\" data-id=\"28\" id=\"SR7_28_1\" class=\"rs-ov-hidden\" data-version=\"6.7.52\">\n\t\t\t\t\t<sr7-adjuster><\/sr7-adjuster>\n\t\t\t\t\t<sr7-content>\n\t\t\t\t\t\t<sr7-slide id=\"SR7_28_1-288\" data-key=\"288\">\n\t\t\t\t\t\t\t<sr7-bg id=\"SR7_28_1-288-1\" class=\"sr7-layer\"><noscript><img decoding=\"async\" src=\"https:\/\/talpamaden.com\/wp-content\/uploads\/2022\/07\/Talpa-LH320-MainSlide_optimised.jpg\" alt=\"Talpa-LH320-MainSlide_optimised-image\" title=\"Talpa-LH320-MainSlide_optimised\"><\/noscript><\/sr7-bg>\n\t\t\t\t\t\t<\/sr7-slide>\n\t\t\t\t\t\t<sr7-slide id=\"SR7_28_1-287\" data-key=\"287\">\n\t\t\t\t\t\t\t<sr7-bg id=\"SR7_28_1-287-1\" class=\"sr7-layer\"><noscript><img decoding=\"async\" src=\"https:\/\/talpamaden.com\/wp-content\/uploads\/2025\/07\/TALPAMADEN-LH-425-dizel-yukleyici-2025.jpg\" alt=\"TALPAMADEN-LH-425-dizel-yukleyici-loader-2025-image\" title=\"TALPAMADEN-LH-425-dizel-yukleyici-2025\"><\/noscript><\/sr7-bg>\n\t\t\t\t\t\t<\/sr7-slide>\n\t\t\t\t\t\t<sr7-slide id=\"SR7_28_1-282\" data-key=\"282\">\n\t\t\t\t\t\t\t<sr7-bg id=\"SR7_28_1-282-1\" class=\"sr7-layer\"><noscript><img decoding=\"async\" src=\"https:\/\/talpamaden.com\/wp-content\/uploads\/2022\/07\/Slide_Talpa_Trucks_Loader_optimised.jpg\" alt=\"Slide_Talpa_Trucks_Loader_optimised-image\" title=\"Slide_Talpa_Trucks_Loader_optimised\"><\/noscript><\/sr7-bg>\n\t\t\t\t\t\t<\/sr7-slide>\n\t\t\t\t\t\t<sr7-slide id=\"SR7_28_1-283\" data-key=\"283\">\n\t\t\t\t\t\t\t<sr7-bg id=\"SR7_28_1-283-1\" class=\"sr7-layer\"><noscript><img decoding=\"async\" src=\"https:\/\/talpamaden.com\/wp-content\/uploads\/2025\/02\/Talpa_ADT-20_2025.jpg\" alt=\"Talpa_ADT-20_2025-image\" title=\"Talpa_ADT-20_2025\"><\/noscript><\/sr7-bg>\n\t\t\t\t\t\t<\/sr7-slide>\n\t\t\t\t\t\t<sr7-slide id=\"SR7_28_1-284\" data-key=\"284\">\n\t\t\t\t\t\t\t<sr7-bg id=\"SR7_28_1-284-1\" class=\"sr7-layer\"><noscript><img decoding=\"async\" src=\"https:\/\/talpamaden.com\/wp-content\/uploads\/2025\/07\/TALPAMADEN-LH-217-dizel-yukleyici-2025-1.jpg\" alt=\"TALPAMADEN-LH-217-dizel-yukleyici-loader-2025.image\" title=\"TALPAMADEN-LH-217-dizel-yukleyici-2025\"><\/noscript><\/sr7-bg>\n\t\t\t\t\t\t<\/sr7-slide>\n\t\t\t\t\t\t<sr7-slide id=\"SR7_28_1-286\" data-key=\"286\">\n\t\t\t\t\t\t\t<sr7-bg id=\"SR7_28_1-286-1\" class=\"sr7-layer\"><noscript><img decoding=\"async\" src=\"https:\/\/talpamaden.com\/wp-content\/uploads\/2022\/07\/Talpa-LE-110-Main-Slide_optimised.jpg\" alt=\"Talpa-LE-110-Main-Slide_optimised-image\" title=\"Talpa-LE-110-Main-Slide_optimised\"><\/noscript><\/sr7-bg>\n\t\t\t\t\t\t<\/sr7-slide>\n\t\t\t\t\t\t<sr7-slide id=\"SR7_28_1-285\" data-key=\"285\">\n\t\t\t\t\t\t<\/sr7-slide>\n\t\t\t\t\t<\/sr7-content>\n\t\t\t\t\t<image_lists style=\"display:none\">\n\t\t\t\t\t\t<img data-src=\"\/\/talpamaden.com\/wp-content\/uploads\/2022\/07\/Slide_Talpa_Trucks_Loader_optimised.jpg\" data-libid=\"2199\" data-lib=\"medialibrary\" alt=\"Slide_Talpa_Trucks_Loader_optimised-image\" title=\"Slide_Talpa_Trucks_Loader_optimised\" width=\"0\" height=\"0\" data-dbsrc=\"Ly90YWxwYW1hZGVuLmNvbS93cC1jb250ZW50L3VwbG9hZHMvMjAyMi8wNy9TbGlkZV9UYWxwYV9UcnVja3NfTG9hZGVyX29wdGltaXNlZC5qcGc=\"\/>\n\t\t\t\t\t\t<img data-src=\"\/\/talpamaden.com\/wp-content\/uploads\/2025\/02\/Talpa_ADT-20_2025.jpg\" data-libid=\"3864\" data-lib=\"medialibrary\" alt=\"Talpa_ADT-20_2025-image\" title=\"Talpa_ADT-20_2025\" width=\"0\" height=\"0\" data-dbsrc=\"Ly90YWxwYW1hZGVuLmNvbS93cC1jb250ZW50L3VwbG9hZHMvMjAyNS8wMi9UYWxwYV9BRFQtMjBfMjAyNS5qcGc=\"\/>\n\t\t\t\t\t\t<img data-src=\"\/\/talpamaden.com\/wp-content\/uploads\/2025\/07\/TALPAMADEN-LH-217-dizel-yukleyici-2025-1.jpg\" data-libid=\"4235\" data-lib=\"medialibrary\" alt=\"TALPAMADEN-LH-217-dizel-yukleyici-loader-2025.image\" title=\"TALPAMADEN-LH-217-dizel-yukleyici-2025\" width=\"0\" height=\"0\" data-dbsrc=\"Ly90YWxwYW1hZGVuLmNvbS93cC1jb250ZW50L3VwbG9hZHMvMjAyNS8wNy9UQUxQQU1BREVOLUxILTIxNy1kaXplbC15dWtsZXlpY2ktMjAyNS0xLmpwZw==\"\/>\n\t\t\t\t\t\t<img data-src=\"\/\/talpamaden.com\/wp-content\/uploads\/2022\/07\/Talpa-LE-110-Main-Slide_optimised.jpg\" data-libid=\"2200\" data-lib=\"medialibrary\" alt=\"Talpa-LE-110-Main-Slide_optimised-image\" title=\"Talpa-LE-110-Main-Slide_optimised\" width=\"0\" height=\"0\" data-dbsrc=\"Ly90YWxwYW1hZGVuLmNvbS93cC1jb250ZW50L3VwbG9hZHMvMjAyMi8wNy9UYWxwYS1MRS0xMTAtTWFpbi1TbGlkZV9vcHRpbWlzZWQuanBn\"\/>\n\t\t\t\t\t\t<img data-src=\"\/\/talpamaden.com\/wp-content\/uploads\/2025\/07\/TALPAMADEN-LH-425-dizel-yukleyici-2025.jpg\" data-libid=\"4233\" data-lib=\"medialibrary\" alt=\"TALPAMADEN-LH-425-dizel-yukleyici-loader-2025-image\" title=\"TALPAMADEN-LH-425-dizel-yukleyici-2025\" width=\"0\" height=\"0\" data-dbsrc=\"Ly90YWxwYW1hZGVuLmNvbS93cC1jb250ZW50L3VwbG9hZHMvMjAyNS8wNy9UQUxQQU1BREVOLUxILTQyNS1kaXplbC15dWtsZXlpY2ktMjAyNS5qcGc=\"\/>\n\t\t\t\t\t\t<img data-src=\"\/\/talpamaden.com\/wp-content\/uploads\/2022\/07\/Talpa-LH320-MainSlide_optimised.jpg\" data-libid=\"2201\" data-lib=\"medialibrary\" alt=\"Talpa-LH320-MainSlide_optimised-image\" title=\"Talpa-LH320-MainSlide_optimised\" width=\"0\" height=\"0\" data-dbsrc=\"Ly90YWxwYW1hZGVuLmNvbS93cC1jb250ZW50L3VwbG9hZHMvMjAyMi8wNy9UYWxwYS1MSDMyMC1NYWluU2xpZGVfb3B0aW1pc2VkLmpwZw==\"\/>\n\t\t\t\t\t<\/image_lists>\n\t\t\t\t<\/sr7-module>\n\t\t\t\t<script>\n\t\t\t\t\twindow.SR7 ??={};SR7.PMH ??={}; SR7.PMH[\"SR7_28_1\"] = {cn:100,state:false,fn: function() { if (window._tpt!==undefined && window._tpt.prepareModuleHeight !== undefined) {  _tpt.prepareModuleHeight({id:\"SR7_28_1\",el:[750,750,768,960,720],type:'standard',shdw:'0',gh:[750,750,549,417,257],gw:[1400,1400,1024,778,480],vpt:['-100px'],size:{fullWidth:true, fullHeight:false},mh:'0',onh:0,onw:0,bg:{color:'{\"orig\":\"transparent\",\"type\":\"solid\",\"string\":\"transparent\"}'},plType:'6',plColor:'#007aff'});   SR7.PMH[\"SR7_28_1\"].state=true;} else if(SR7.PMH[\"SR7_28_1\"].cn-->0)\tsetTimeout( SR7.PMH[\"SR7_28_1\"].fn,19);}};SR7.PMH[\"SR7_28_1\" ].fn();\n\t\t\t\t<\/script>\n[vc_separator css=&#8221;&#8221;][\/vc_column][\/vc_row][vc_row][vc_column][vc_column_text css_animation=&#8221;zoomIn&#8221; css=&#8221;&#8221; el_class=&#8221;text-block-1&#8243;]<strong><\/p>\n<h3 style=\"text-align: center;\">Talpa Serisi ile tan\u0131\u015f\u0131n.<\/h3>\n<p><\/strong><\/p>\n<p style=\"text-align: left;\">Madencilerimiz i\u00e7in T\u00fcrkiye&#8217;de \u00fcretilen Talpa yeralt\u0131 maden ara\u00e7lar\u0131, <strong><em>zor \u015fartlarda durmaks\u0131z\u0131n \u00e7al\u0131\u015fmak amac\u0131yla<\/em><\/strong> imal edilmektedir.<br \/>\nVazge\u00e7ilmez hedefimiz, \u00fcretti\u011fimiz her bir makine ile, son kullan\u0131c\u0131lar\u0131n yak\u0131n \u00e7\u00f6z\u00fcm orta\u011f\u0131 olmak ve zorlu maden faaliyetleriniz i\u00e7in m\u00fcmk\u00fcn olan en y\u00fcksek katma de\u011feri sa\u011flamaya \u00e7al\u0131\u015fmakt\u0131r.<\/p>\n<p style=\"text-align: left;\">Bunun i\u00e7in \u00e7ok \u00e7al\u0131\u015f\u0131yor ve hi\u00e7 durmadan kendimizi geli\u015ftiriyoruz. \u00dcr\u00fcnlerimizi tan\u0131maya ba\u015flamak i\u00e7in <a href=\"https:\/\/talpamaden.com\/index.php\/tr\/urunler\/\" target=\"_blank\" rel=\"noopener\">l\u00fctfen buraya t\u0131klay\u0131n<\/a>.<\/p>\n[\/vc_column_text][\/vc_column][\/vc_row][vc_row content_placement=&#8221;middle&#8221;][vc_column width=&#8221;1\/2&#8243;][vc_icon icon_fontawesome=&#8221;fas fa-users&#8221; color=&#8221;custom&#8221; background_style=&#8221;rounded-outline&#8221; size=&#8221;xl&#8221; align=&#8221;center&#8221; custom_color=&#8221;#606060&#8243;][vc_column_text css_animation=&#8221;left-to-right&#8221; css=&#8221;&#8221; el_class=&#8221;text-block-1&#8243;]\n<h3>Hakk\u0131m\u0131zda<\/h3>\n<p>\u0130\u015f makinalar\u0131 sekt\u00f6r\u00fcnde 40 y\u0131la yak\u0131n deneyimimiz ile \u00e7\u00f6z\u00fcm orta\u011f\u0131n\u0131z olmaya aday\u0131z. Uluslararas\u0131 alandaki m\u00fc\u015fterilerimizin ba\u015far\u0131s\u0131 ve farkl\u0131 pazarlardaki servis yetene\u011fimizle gurur duyuyoruz.[\/vc_column_text][vc_btn title=&#8221;Bizi tan\u0131y\u0131n&#8221; style=&#8221;custom&#8221; custom_background=&#8221;#8c8c8c&#8221; custom_text=&#8221;#ffffff&#8221; align=&#8221;center&#8221; i_align=&#8221;right&#8221; i_icon_fontawesome=&#8221;fas fa-arrow-alt-circle-right&#8221; add_icon=&#8221;true&#8221; link=&#8221;url:https%3A%2F%2Ftalpamaden.com%2Findex.php%2Ftr%2Fhakkimizda%2F&#8221;][\/vc_column][vc_column width=&#8221;1\/2&#8243;][vc_icon icon_fontawesome=&#8221;fas fa-truck-monster&#8221; color=&#8221;custom&#8221; background_style=&#8221;rounded-outline&#8221; size=&#8221;xl&#8221; align=&#8221;center&#8221; custom_color=&#8221;#606060&#8243;][vc_column_text css_animation=&#8221;right-to-left&#8221; css=&#8221;&#8221; el_class=&#8221;text-block-1&#8243;]\n<h3>\u00dcr\u00fcnlerimiz<\/h3>\n<p>Talpayeralt\u0131 i\u015f makinalar\u0131 serisi g\u00fc\u00e7 ko\u015fullar i\u00e7in ekonomik \u00e7\u00f6z\u00fcmler sunar. T\u00fcm makinalar\u0131m\u0131z, dar ve orta kesitli galerilerde \u00e7al\u0131\u015facak \u015fekilde tasarlanm\u0131\u015f olup, hem sert hem de yumu\u015fak kaya uygulamalar\u0131 i\u00e7in \u00f6zel olarak \u00fcretilmi\u015ftir.[\/vc_column_text][vc_btn title=&#8221;\u00dcr\u00fcnleri g\u00f6r\u00fcn&#8221; style=&#8221;custom&#8221; custom_background=&#8221;#ff0000&#8243; custom_text=&#8221;#ffffff&#8221; align=&#8221;center&#8221; i_align=&#8221;right&#8221; i_icon_fontawesome=&#8221;fas fa-truck-monster&#8221; add_icon=&#8221;true&#8221; link=&#8221;url:https%3A%2F%2Ftalpamaden.com%2Findex.php%2Ftr%2Furunler%2F&#8221;][\/vc_column][\/vc_row][vc_row full_width=&#8221;stretch_row&#8221; content_placement=&#8221;bottom&#8221; css=&#8221;.vc_custom_1657275812734{margin-top: 0px !important;margin-bottom: 0px !important;padding-top: 40px !important;padding-bottom: 340px !important;background: #eeeeee url(https:\/\/www.talpamaden.com\/wp-content\/uploads\/2020\/09\/LE110anasayfa-w.jpg) !important;background-position: center !important;background-repeat: no-repeat !important;background-size: cover !important;}&#8221;][vc_column][vc_column_text css=&#8221;&#8221; el_class=&#8221;overlay-1&#8243;]\n<h3><span style=\"color: #ffffff;\">&#8220;Talpa E 110&#8243;, bataryal\u0131 g\u00fc\u00e7 \u00fcnitesi sayesinde, zor \u015fartlarda g\u00fcvenli operasyon yapabilme olana\u011f\u0131 sa\u011flar.<br \/>\n[vc_btn title=&#8221;\u00dcr\u00fcne git&#8221; style=&#8221;custom&#8221; custom_background=&#8221;#8c8c8c&#8221; custom_text=&#8221;#ffffff&#8221; size=&#8221;lg&#8221; align=&#8221;left&#8221; i_align=&#8221;right&#8221; i_icon_fontawesome=&#8221;fas fa-truck-monster&#8221; add_icon=&#8221;true&#8221; link=&#8221;url:https%3A%2F%2Ftalpamaden.com%2Findex.php%2Ftr%2Fle-110-tr%2F|title:LE%20110&#8243;]<\/span><\/h3>\n[\/vc_column_text][\/vc_column][\/vc_row]\n<\/div>","protected":false},"excerpt":{"rendered":"<p>[vc_row][vc_column][vc_separator css=&#8221;&#8221;][\/vc_column][\/vc_row][vc_row][vc_column][vc_column_text css_animation=&#8221;zoomIn&#8221; css=&#8221;&#8221; el_class=&#8221;text-block-1&#8243;] Talpa Serisi ile tan\u0131\u015f\u0131n. Madencilerimiz i\u00e7in T\u00fcrkiye&#8217;de \u00fcretilen Talpa yeralt\u0131 maden ara\u00e7lar\u0131, zor \u015fartlarda durmaks\u0131z\u0131n \u00e7al\u0131\u015fmak amac\u0131yla imal edilmektedir. Vazge\u00e7ilmez hedefimiz, \u00fcretti\u011fimiz her bir makine ile, son kullan\u0131c\u0131lar\u0131n yak\u0131n \u00e7\u00f6z\u00fcm orta\u011f\u0131 olmak ve zorlu maden &hellip; <a class=\"kt-excerpt-readmore more-link\" href=\"https:\/\/talpamaden.com\/index.php\/tr\/\">Read More<\/a><\/p>\n","protected":false},"author":2,"featured_media":0,"parent":0,"menu_order":0,"comment_status":"closed","ping_status":"closed","template":"","meta":{"footnotes":""},"class_list":["post-1709","page","type-page","status-publish","hentry"],"_links":{"self":[{"href":"https:\/\/www.talpamaden.com\/index.php\/wp-json\/wp\/v2\/pages\/1709","targetHints":{"allow":["GET"]}}],"collection":[{"href":"https:\/\/www.talpamaden.com\/index.php\/wp-json\/wp\/v2\/pages"}],"about":[{"href":"https:\/\/www.talpamaden.com\/index.php\/wp-json\/wp\/v2\/types\/page"}],"author":[{"embeddable":true,"href":"https:\/\/www.talpamaden.com\/index.php\/wp-json\/wp\/v2\/users\/2"}],"replies":[{"embeddable":true,"href":"https:\/\/www.talpamaden.com\/index.php\/wp-json\/wp\/v2\/comments?post=1709"}],"version-history":[{"count":147,"href":"https:\/\/www.talpamaden.com\/index.php\/wp-json\/wp\/v2\/pages\/1709\/revisions"}],"predecessor-version":[{"id":4370,"href":"https:\/\/www.talpamaden.com\/index.php\/wp-json\/wp\/v2\/pages\/1709\/revisions\/4370"}],"wp:attachment":[{"href":"https:\/\/www.talpamaden.com\/index.php\/wp-json\/wp\/v2\/media?parent=1709"}],"curies":[{"name":"wp","href":"https:\/\/api.w.org\/{rel}","templated":true}]}}